{"id":3,"date":"2025-11-01T16:37:20","date_gmt":"2025-11-01T16:37:20","guid":{"rendered":"http:\/\/box5161\/cgi\/addon_GT.cgi?s=GT::WP::Install::Cpanel+%28mcnowkmy%29+-+127.0.0.1+%5Bnocaller%5D\/?page_id=3"},"modified":"2026-03-18T02:05:05","modified_gmt":"2026-03-18T02:05:05","slug":"privacy-policy","status":"publish","type":"page","link":"https:\/\/coeurdecrissier.ch\/en\/privacy-policy\/","title":{"rendered":"Privacy Policy"},"content":{"rendered":"<style>.elementor-3 .elementor-element.elementor-element-6cc61c8{--display:flex;--min-height:100vh;--flex-direction:row;--container-widget-width:initial;--container-widget-height:100%;--container-widget-flex-grow:1;--container-widget-align-self:stretch;--flex-wrap-mobile:wrap;--gap:0px 0px;--row-gap:0px;--column-gap:0px;--overlay-opacity:0.36;--margin-top:-92px;--margin-bottom:0px;--margin-left:0px;--margin-right:0px;--padding-top:100px;--padding-bottom:0px;--padding-left:0px;--padding-right:0px;}.elementor-3 .elementor-element.elementor-element-6cc61c8:not(.elementor-motion-effects-element-type-background), .elementor-3 .elementor-element.elementor-element-6cc61c8 > .elementor-motion-effects-container > .elementor-motion-effects-layer{background-image:url(\"https:\/\/coeurdecrissier.ch\/wp-content\/uploads\/2026\/02\/7-1-scaled.png\");background-position:center center;background-repeat:no-repeat;background-size:cover;}.elementor-3 .elementor-element.elementor-element-6cc61c8::before, .elementor-3 .elementor-element.elementor-element-6cc61c8 > .elementor-background-video-container::before, .elementor-3 .elementor-element.elementor-element-6cc61c8 > .e-con-inner > .elementor-background-video-container::before, .elementor-3 .elementor-element.elementor-element-6cc61c8 > .elementor-background-slideshow::before, .elementor-3 .elementor-element.elementor-element-6cc61c8 > .e-con-inner > .elementor-background-slideshow::before, .elementor-3 .elementor-element.elementor-element-6cc61c8 > .elementor-motion-effects-container > .elementor-motion-effects-layer::before{--background-overlay:'';}.elementor-3 .elementor-element.elementor-element-dde9754{--display:flex;--flex-direction:column;--container-widget-width:100%;--container-widget-height:initial;--container-widget-flex-grow:0;--container-widget-align-self:initial;--flex-wrap-mobile:wrap;--justify-content:center;}.elementor-widget-theme-page-title .elementor-heading-title{font-family:var( --e-global-typography-primary-font-family ), Sans-serif;font-weight:var( --e-global-typography-primary-font-weight );color:var( --e-global-color-primary );}.elementor-3 .elementor-element.elementor-element-159b274{text-align:start;}.elementor-3 .elementor-element.elementor-element-159b274 .elementor-heading-title{font-family:\"Inter\", Sans-serif;font-size:34px;font-weight:600;color:#FFFFFF;}.elementor-3 .elementor-element.elementor-element-159b274.elementor-element{--align-self:flex-start;}.elementor-3 .elementor-element.elementor-element-ae0364c{margin-top:50px;margin-bottom:55px;}.elementor-bc-flex-widget .elementor-3 .elementor-element.elementor-element-1817346.elementor-column .elementor-widget-wrap{align-items:flex-start;}.elementor-3 .elementor-element.elementor-element-1817346.elementor-column.elementor-element[data-element_type=\"column\"] > .elementor-widget-wrap.elementor-element-populated{align-content:flex-start;align-items:flex-start;}.elementor-widget-text-editor{font-family:var( --e-global-typography-text-font-family ), Sans-serif;font-weight:var( --e-global-typography-text-font-weight );color:var( --e-global-color-text );}.elementor-widget-text-editor.elementor-drop-cap-view-stacked .elementor-drop-cap{background-color:var( --e-global-color-primary );}.elementor-widget-text-editor.elementor-drop-cap-view-framed .elementor-drop-cap, .elementor-widget-text-editor.elementor-drop-cap-view-default .elementor-drop-cap{color:var( --e-global-color-primary );border-color:var( --e-global-color-primary );}.elementor-3 .elementor-element.elementor-element-28bfa53{font-family:\"Inter\", Sans-serif;font-weight:400;}.elementor-3 .elementor-element.elementor-element-d2f67bc > .elementor-element-populated{margin:0px 0px 0px 0px;--e-column-margin-right:0px;--e-column-margin-left:0px;padding:65px 0px 0px 0px;}@media(min-width:768px){.elementor-3 .elementor-element.elementor-element-dde9754{--width:50%;}.elementor-3 .elementor-element.elementor-element-1817346{width:76.14%;}.elementor-3 .elementor-element.elementor-element-d2f67bc{width:23.86%;}}@media(max-width:1024px) and (min-width:768px){.elementor-3 .elementor-element.elementor-element-1817346{width:100%;}.elementor-3 .elementor-element.elementor-element-d2f67bc{width:100%;}}@media(max-width:1024px){.elementor-3 .elementor-element.elementor-element-ae0364c{margin-top:20px;margin-bottom:25px;}.elementor-3 .elementor-element.elementor-element-1817346 > .elementor-element-populated{margin:0px 10px 0px 10px;--e-column-margin-right:10px;--e-column-margin-left:10px;}.elementor-3 .elementor-element.elementor-element-d2f67bc > .elementor-element-populated{margin:15px 0px 0px 0px;--e-column-margin-right:0px;--e-column-margin-left:0px;padding:0px 0px 0px 0px;}}@media(max-width:767px){.elementor-3 .elementor-element.elementor-element-6cc61c8{--margin-top:-130px;--margin-bottom:0px;--margin-left:0px;--margin-right:0px;}.elementor-3 .elementor-element.elementor-element-ae0364c{margin-top:30px;margin-bottom:25px;}.elementor-3 .elementor-element.elementor-element-28bfa53{font-size:14px;}}<\/style>\t\t<div data-elementor-type=\"wp-page\" data-elementor-id=\"3\" class=\"elementor elementor-3\" data-elementor-post-type=\"page\">\n\t\t\t\t<div class=\"elementor-element elementor-element-6cc61c8 e-flex e-con-boxed e-con e-parent\" data-id=\"6cc61c8\" data-element_type=\"container\" data-e-type=\"container\" data-settings=\"{&quot;background_background&quot;:&quot;classic&quot;}\">\n\t\t\t\t\t<div class=\"e-con-inner\">\n\t\t<div class=\"elementor-element elementor-element-dde9754 e-con-full e-flex e-con e-child\" data-id=\"dde9754\" data-element_type=\"container\" data-e-type=\"container\">\n\t\t\t\t<\/div>\n\t\t\t\t\t<\/div>\n\t\t\t\t<\/div>\n\t\t\t\t<section class=\"elementor-section elementor-top-section elementor-element elementor-element-ae0364c elementor-section-boxed elementor-section-height-default elementor-section-height-default\" data-id=\"ae0364c\" data-element_type=\"section\" data-e-type=\"section\">\n\t\t\t\t\t\t<div class=\"elementor-container elementor-column-gap-no\">\n\t\t\t\t\t<div class=\"elementor-column elementor-col-50 elementor-top-column elementor-element elementor-element-1817346\" data-id=\"1817346\" data-element_type=\"column\" data-e-type=\"column\">\n\t\t\t<div class=\"elementor-widget-wrap elementor-element-populated\">\n\t\t\t\t\t\t<div class=\"elementor-element elementor-element-28bfa53 elementor-widget elementor-widget-text-editor\" data-id=\"28bfa53\" data-element_type=\"widget\" data-e-type=\"widget\" data-widget_type=\"text-editor.default\">\n\t\t\t\t\t\t\t\t\t<p><strong>Politique de Confidentialit\u00e9<\/strong><\/p><p><em>Site web \u2013 Coeur de Crissier<\/em><\/p><p><strong>1. Responsable du traitement<\/strong><\/p><p>Le responsable du traitement des donn\u00e9es personnelles collect\u00e9es via le site internet d\u00e9di\u00e9 au projet immobilier Coeur de Crissier (ci-apr\u00e8s le \u00ab Site \u00bb) est :<\/p><p><strong>Immosam Properties SA<\/strong><\/p><p>Route du Bois-Genoud 2<\/p><p>1023 Crissier, Suisse<\/p><p>c\/o Immosam Group SA<\/p><p>Email : info@immosam.ch<\/p><p>T\u00e9l\u00e9phone : +41 22 311 96 55<\/p><p><strong>2. Cadre juridique applicable<\/strong><\/p><p>La pr\u00e9sente Politique de Confidentialit\u00e9 est r\u00e9gie par :<\/p><p>\u2022 la Loi f\u00e9d\u00e9rale sur la protection des donn\u00e9es (LPD) du 25 septembre 2020, en vigueur depuis le 1er septembre 2023<\/p><p>\u2022 l\u2019Ordonnance sur la protection des donn\u00e9es (OPDo)<\/p><p>\u2022 toute autre l\u00e9gislation applicable en Suisse en mati\u00e8re de protection des donn\u00e9es<\/p><p><strong>3. Donn\u00e9es personnelles collect\u00e9es<\/strong><\/p><p>Le Site collecte des donn\u00e9es personnelles dans les cas suivants :<\/p><p><strong>a) Formulaires de contact<\/strong><\/p><p>Lorsque vous remplissez un formulaire de contact ou de demande d\u2019information sur le Site, les donn\u00e9es suivantes peuvent \u00eatre collect\u00e9es :<\/p><p>\u2022 nom et pr\u00e9nom<\/p><p>\u2022 adresse e-mail<\/p><p>\u2022 num\u00e9ro de t\u00e9l\u00e9phone<\/p><p>\u2022 contenu du message<\/p><p>\u2022 toute autre information que vous choisissez de communiquer<\/p><p><strong>b) Donn\u00e9es de navigation<\/strong><\/p><p>Lors de votre visite sur le Site, certaines donn\u00e9es techniques peuvent \u00eatre collect\u00e9es automatiquement :<\/p><p>\u2022 adresse IP (anonymis\u00e9e le cas \u00e9ch\u00e9ant)<\/p><p>\u2022 type et version du navigateur<\/p><p>\u2022 syst\u00e8me d\u2019exploitation<\/p><p>\u2022 pages visit\u00e9es et dur\u00e9e de la visite<\/p><p>\u2022 source de r\u00e9f\u00e9rencement (site d\u2019origine)<\/p><p><strong>4. Finalit\u00e9s du traitement<\/strong><\/p><p>Les donn\u00e9es personnelles collect\u00e9es sont utilis\u00e9es pour les finalit\u00e9s suivantes :<\/p><p>\u2022 r\u00e9pondre aux demandes d\u2019information soumises via les formulaires de contact<\/p><p>\u2022 gestion commerciale du projet Coeur de Crissier (suivi des prospects, organisation de visites)<\/p><p>\u2022 am\u00e9lioration du Site et de l\u2019exp\u00e9rience utilisateur<\/p><p>\u2022 analyse statistique de la fr\u00e9quentation du Site<\/p><p>\u2022 respect des obligations l\u00e9gales applicables<\/p><p><strong>5. Base juridique du traitement<\/strong><\/p><p>Le traitement de vos donn\u00e9es personnelles repose sur les bases juridiques suivantes :<\/p><p>\u2022 votre consentement, lorsque vous soumettez volontairement vos donn\u00e9es via un formulaire de contact<\/p><p>\u2022 l\u2019int\u00e9r\u00eat l\u00e9gitime d\u2019Immosam Group SA, notamment pour la gestion commerciale du projet et l\u2019am\u00e9lioration du Site<\/p><p>\u2022 le respect d\u2019obligations l\u00e9gales, le cas \u00e9ch\u00e9ant<\/p><p><strong>6. Cookies et outils d\u2019analyse<\/strong><\/p><p><strong>a) Cookies techniques<\/strong><\/p><p>Le Site utilise des cookies strictement n\u00e9cessaires \u00e0 son fonctionnement. Ces cookies ne collectent aucune donn\u00e9e personnelle et ne n\u00e9cessitent pas votre consentement.<\/p><p><strong>b) Cookies analytiques<\/strong><\/p><p>Le Site peut utiliser Google Analytics, un service d\u2019analyse web fourni par Google LLC (\u00ab Google \u00bb). Google Analytics utilise des cookies pour analyser l\u2019utilisation du Site.<\/p><p>Les informations g\u00e9n\u00e9r\u00e9es par ces cookies (y compris votre adresse IP) peuvent \u00eatre transmises et stock\u00e9es sur des serveurs de Google situ\u00e9s en dehors de la Suisse, y compris aux \u00c9tats-Unis.<\/p><p>Immosam Group SA s\u2019assure que des garanties ad\u00e9quates sont mises en place conform\u00e9ment \u00e0 la LPD pour encadrer ces transferts.<\/p><p><strong>c) Gestion des cookies<\/strong><\/p><p>Vous pouvez configurer votre navigateur pour refuser tout ou partie des cookies, ou pour \u00eatre averti lorsqu\u2019un cookie est d\u00e9pos\u00e9. Le refus de certains cookies peut toutefois limiter les fonctionnalit\u00e9s du Site.<\/p><p><strong>7. Destinataires des donn\u00e9es<\/strong><\/p><p>Les donn\u00e9es personnelles collect\u00e9es peuvent \u00eatre communiqu\u00e9es aux destinataires suivants :<\/p><p>\u2022 les collaborateurs d\u2019Immosam Group SA en charge de la gestion commerciale du projet<\/p><p>\u2022 les prestataires techniques assurant l\u2019h\u00e9bergement et la maintenance du Site<\/p><p>\u2022 Google LLC, dans le cadre de l\u2019utilisation de Google Analytics<\/p><p>Immosam Group SA ne vend, ne loue et ne c\u00e8de en aucun cas vos donn\u00e9es personnelles \u00e0 des tiers \u00e0 des fins commerciales.<\/p><p><strong>8. Transferts de donn\u00e9es \u00e0 l\u2019\u00e9tranger<\/strong><\/p><p>Certaines donn\u00e9es peuvent \u00eatre transf\u00e9r\u00e9es vers des pays ne disposant pas d\u2019un niveau de protection des donn\u00e9es \u00e9quivalent \u00e0 celui de la Suisse, notamment les \u00c9tats-Unis (dans le cadre de Google Analytics).<\/p><p>Dans ce cas, Immosam Group SA veille \u00e0 ce que des garanties ad\u00e9quates soient mises en place, conform\u00e9ment \u00e0 l\u2019article 16 LPD, telles que des clauses contractuelles types ou d\u2019autres m\u00e9canismes reconnus.<\/p><p><strong>9. Dur\u00e9e de conservation<\/strong><\/p><p>Les donn\u00e9es personnelles collect\u00e9es sont conserv\u00e9es pour la dur\u00e9e strictement n\u00e9cessaire aux finalit\u00e9s pour lesquelles elles ont \u00e9t\u00e9 collect\u00e9es :<\/p><p>\u2022 donn\u00e9es issues des formulaires de contact : dur\u00e9e n\u00e9cessaire au traitement de la demande, puis pendant la dur\u00e9e de la relation commerciale \u00e9ventuelle, et au maximum 5 ans apr\u00e8s le dernier contact<\/p><p>\u2022 donn\u00e9es de navigation et cookies analytiques : 26 mois maximum<\/p><p>Au-del\u00e0 de ces dur\u00e9es, les donn\u00e9es sont supprim\u00e9es ou anonymis\u00e9es.<\/p><p><strong>10. S\u00e9curit\u00e9 des donn\u00e9es<\/strong><\/p><p>Immosam Group SA met en \u0153uvre des mesures techniques et organisationnelles appropri\u00e9es pour prot\u00e9ger vos donn\u00e9es personnelles contre tout acc\u00e8s non autoris\u00e9, toute modification, divulgation ou destruction.<\/p><p>Ces mesures comprennent notamment le chiffrement des communications (protocole HTTPS), la limitation de l\u2019acc\u00e8s aux donn\u00e9es aux personnes autoris\u00e9es, et la mise \u00e0 jour r\u00e9guli\u00e8re des syst\u00e8mes de s\u00e9curit\u00e9.<\/p><p><strong>11. Vos droits<\/strong><\/p><p>Conform\u00e9ment \u00e0 la LPD, vous disposez des droits suivants concernant vos donn\u00e9es personnelles :<\/p><p>\u2022 droit d\u2019acc\u00e8s : obtenir la confirmation que des donn\u00e9es vous concernant sont trait\u00e9es et en obtenir une copie<\/p><p>\u2022 droit de rectification : demander la correction de donn\u00e9es inexactes ou incompl\u00e8tes<\/p><p>\u2022 droit d\u2019effacement : demander la suppression de vos donn\u00e9es, sous r\u00e9serve des obligations l\u00e9gales de conservation<\/p><p>\u2022 droit d\u2019opposition : vous opposer au traitement de vos donn\u00e9es dans certaines circonstances<\/p><p>\u2022 droit \u00e0 la portabilit\u00e9 : recevoir vos donn\u00e9es dans un format structur\u00e9 et couramment utilis\u00e9<\/p><p>Pour exercer ces droits, veuillez nous contacter \u00e0 l\u2019adresse suivante : info@immosam.ch<\/p><p>Immosam Group SA s\u2019engage \u00e0 r\u00e9pondre \u00e0 toute demande dans un d\u00e9lai de 30 jours.<\/p><p>En cas de d\u00e9saccord, vous avez le droit d\u2019adresser une r\u00e9clamation au Pr\u00e9pos\u00e9 f\u00e9d\u00e9ral \u00e0 la protection des donn\u00e9es et \u00e0 la transparence (PFPDT).<\/p><p><strong>12. Mineurs<\/strong><\/p><p>Le Site ne s\u2019adresse pas aux personnes de moins de 18 ans. Immosam Group SA ne collecte pas sciemment de donn\u00e9es personnelles de mineurs.<\/p><p><strong>13. Contenu int\u00e9gr\u00e9 provenant de tiers<\/strong><\/p><p>Le Site peut int\u00e9grer du contenu provenant de services tiers (vid\u00e9os, cartes, etc.). Ces services peuvent collecter des donn\u00e9es vous concernant, utiliser des cookies et effectuer un suivi de votre interaction avec ce contenu, conform\u00e9ment \u00e0 leurs propres politiques de confidentialit\u00e9.<\/p><p><strong>14. Modification de la pr\u00e9sente Politique<\/strong><\/p><p>Immosam Group SA se r\u00e9serve le droit de modifier la pr\u00e9sente Politique de Confidentialit\u00e9 \u00e0 tout moment afin de l\u2019adapter aux \u00e9volutions l\u00e9gales ou techniques.<\/p><p>La version en vigueur est celle publi\u00e9e sur le Site. La date de la derni\u00e8re mise \u00e0 jour est indiqu\u00e9e ci-dessous.<\/p><p><strong>15. Droit applicable et for juridique<\/strong><\/p><p>La pr\u00e9sente Politique de Confidentialit\u00e9 est r\u00e9gie par le droit suisse.<\/p><p>Le for juridique exclusif est \u00e0 Vaud, Suisse.<\/p><p><strong>16. Langue<\/strong><\/p><p>La pr\u00e9sente Politique de Confidentialit\u00e9 est r\u00e9dig\u00e9e en fran\u00e7ais. En cas de traduction dans une autre langue, la version fran\u00e7aise pr\u00e9vaut en cas de divergence.<\/p><p>\u00a0<\/p><p>Derni\u00e8re mise \u00e0 jour : 16.03.2026<\/p><p>\u00a0<\/p><p><!-- \/wp:paragraph --><\/p>\t\t\t\t\t\t\t\t<\/div>\n\t\t\t\t\t<\/div>\n\t\t<\/div>\n\t\t\t\t<div class=\"elementor-column elementor-col-50 elementor-top-column elementor-element elementor-element-d2f67bc\" data-id=\"d2f67bc\" data-element_type=\"column\" data-e-type=\"column\">\n\t\t\t<div class=\"elementor-widget-wrap\">\n\t\t\t\t\t\t\t<\/div>\n\t\t<\/div>\n\t\t\t\t\t<\/div>\n\t\t<\/section>\n\t\t\t\t<\/div>\n\t\t","protected":false},"excerpt":{"rendered":"<p>Politique de Confidentialit\u00e9 Site web \u2013 Coeur de Crissier 1. Responsable du traitement Le responsable du traitement des donn\u00e9es personnelles collect\u00e9es via le site internet d\u00e9di\u00e9 au projet immobilier Coeur de Crissier (ci-apr\u00e8s le \u00ab Site \u00bb) est : Immosam Properties SA Route du Bois-Genoud 2 1023 Crissier, Suisse c\/o Immosam Group SA Email : [&hellip;]<\/p>\n","protected":false},"author":1,"featured_media":0,"parent":0,"menu_order":0,"comment_status":"closed","ping_status":"open","template":"elementor_header_footer","meta":{"footnotes":""},"class_list":["post-3","page","type-page","status-publish","hentry"],"yoast_head":"<!-- This site is optimized with the Yoast SEO Premium plugin v26.3 (Yoast SEO v27.3) - https:\/\/yoast.com\/product\/yoast-seo-premium-wordpress\/ -->\n<title>Politique de Confidentialit\u00e9 - Coeur de Crissier<\/title>\n<meta name=\"robots\" content=\"index, follow, max-snippet:-1, max-image-preview:large, max-video-preview:-1\" \/>\n<link rel=\"canonical\" href=\"https:\/\/coeurdecrissier.ch\/en\/privacy-policy\/\" \/>\n<meta property=\"og:locale\" content=\"en_US\" \/>\n<meta property=\"og:type\" content=\"article\" \/>\n<meta property=\"og:title\" content=\"Politique de Confidentialit\u00e9\" \/>\n<meta property=\"og:description\" content=\"Politique de Confidentialit\u00e9 Site web \u2013 Coeur de Crissier 1. Responsable du traitement Le responsable du traitement des donn\u00e9es personnelles collect\u00e9es via le site internet d\u00e9di\u00e9 au projet immobilier Coeur de Crissier (ci-apr\u00e8s le \u00ab Site \u00bb) est : Immosam Properties SA Route du Bois-Genoud 2 1023 Crissier, Suisse c\/o Immosam Group SA Email : [&hellip;]\" \/>\n<meta property=\"og:url\" content=\"https:\/\/coeurdecrissier.ch\/en\/privacy-policy\/\" \/>\n<meta property=\"og:site_name\" content=\"Coeur de Crissier\" \/>\n<meta property=\"article:modified_time\" content=\"2026-03-18T02:05:05+00:00\" \/>\n<meta name=\"twitter:card\" content=\"summary_large_image\" \/>\n<meta name=\"twitter:label1\" content=\"Est. reading time\" \/>\n\t<meta name=\"twitter:data1\" content=\"6 minutes\" \/>\n<script type=\"application\/ld+json\" class=\"yoast-schema-graph\">{\"@context\":\"https:\\\/\\\/schema.org\",\"@graph\":[{\"@type\":\"WebPage\",\"@id\":\"https:\\\/\\\/coeurdecrissier.ch\\\/privacy-policy\\\/\",\"url\":\"https:\\\/\\\/coeurdecrissier.ch\\\/privacy-policy\\\/\",\"name\":\"Politique de Confidentialit\u00e9 - Coeur de Crissier\",\"isPartOf\":{\"@id\":\"https:\\\/\\\/coeurdecrissier.ch\\\/#website\"},\"datePublished\":\"2025-11-01T16:37:20+00:00\",\"dateModified\":\"2026-03-18T02:05:05+00:00\",\"breadcrumb\":{\"@id\":\"https:\\\/\\\/coeurdecrissier.ch\\\/privacy-policy\\\/#breadcrumb\"},\"inLanguage\":\"en-US\",\"potentialAction\":[{\"@type\":\"ReadAction\",\"target\":[\"https:\\\/\\\/coeurdecrissier.ch\\\/privacy-policy\\\/\"]}]},{\"@type\":\"BreadcrumbList\",\"@id\":\"https:\\\/\\\/coeurdecrissier.ch\\\/privacy-policy\\\/#breadcrumb\",\"itemListElement\":[{\"@type\":\"ListItem\",\"position\":1,\"name\":\"Home\",\"item\":\"https:\\\/\\\/coeurdecrissier.ch\\\/\"},{\"@type\":\"ListItem\",\"position\":2,\"name\":\"Politique de Confidentialit\u00e9\"}]},{\"@type\":\"WebSite\",\"@id\":\"https:\\\/\\\/coeurdecrissier.ch\\\/#website\",\"url\":\"https:\\\/\\\/coeurdecrissier.ch\\\/\",\"name\":\"Coeur de Crissier\",\"description\":\"Coeur de Crissier\",\"publisher\":{\"@id\":\"https:\\\/\\\/coeurdecrissier.ch\\\/#organization\"},\"potentialAction\":[{\"@type\":\"SearchAction\",\"target\":{\"@type\":\"EntryPoint\",\"urlTemplate\":\"https:\\\/\\\/coeurdecrissier.ch\\\/?s={search_term_string}\"},\"query-input\":{\"@type\":\"PropertyValueSpecification\",\"valueRequired\":true,\"valueName\":\"search_term_string\"}}],\"inLanguage\":\"en-US\"},{\"@type\":\"Organization\",\"@id\":\"https:\\\/\\\/coeurdecrissier.ch\\\/#organization\",\"name\":\"Coeur de Crissier\",\"url\":\"https:\\\/\\\/coeurdecrissier.ch\\\/\",\"logo\":{\"@type\":\"ImageObject\",\"inLanguage\":\"en-US\",\"@id\":\"https:\\\/\\\/coeurdecrissier.ch\\\/#\\\/schema\\\/logo\\\/image\\\/\",\"url\":\"https:\\\/\\\/coeurdecrissier.ch\\\/wp-content\\\/uploads\\\/2025\\\/11\\\/coeur_de_crissier_gold_logo_web-scaled.png\",\"contentUrl\":\"https:\\\/\\\/coeurdecrissier.ch\\\/wp-content\\\/uploads\\\/2025\\\/11\\\/coeur_de_crissier_gold_logo_web-scaled.png\",\"width\":2560,\"height\":1508,\"caption\":\"Coeur de Crissier\"},\"image\":{\"@id\":\"https:\\\/\\\/coeurdecrissier.ch\\\/#\\\/schema\\\/logo\\\/image\\\/\"}}]}<\/script>\n<!-- \/ Yoast SEO Premium plugin. -->","yoast_head_json":{"title":"Politique de Confidentialit\u00e9 - Coeur de Crissier","robots":{"index":"index","follow":"follow","max-snippet":"max-snippet:-1","max-image-preview":"max-image-preview:large","max-video-preview":"max-video-preview:-1"},"canonical":"https:\/\/coeurdecrissier.ch\/en\/privacy-policy\/","og_locale":"en_US","og_type":"article","og_title":"Politique de Confidentialit\u00e9","og_description":"Politique de Confidentialit\u00e9 Site web \u2013 Coeur de Crissier 1. Responsable du traitement Le responsable du traitement des donn\u00e9es personnelles collect\u00e9es via le site internet d\u00e9di\u00e9 au projet immobilier Coeur de Crissier (ci-apr\u00e8s le \u00ab Site \u00bb) est : Immosam Properties SA Route du Bois-Genoud 2 1023 Crissier, Suisse c\/o Immosam Group SA Email : [&hellip;]","og_url":"https:\/\/coeurdecrissier.ch\/en\/privacy-policy\/","og_site_name":"Coeur de Crissier","article_modified_time":"2026-03-18T02:05:05+00:00","twitter_card":"summary_large_image","twitter_misc":{"Est. reading time":"6 minutes"},"schema":{"@context":"https:\/\/schema.org","@graph":[{"@type":"WebPage","@id":"https:\/\/coeurdecrissier.ch\/privacy-policy\/","url":"https:\/\/coeurdecrissier.ch\/privacy-policy\/","name":"Politique de Confidentialit\u00e9 - Coeur de Crissier","isPartOf":{"@id":"https:\/\/coeurdecrissier.ch\/#website"},"datePublished":"2025-11-01T16:37:20+00:00","dateModified":"2026-03-18T02:05:05+00:00","breadcrumb":{"@id":"https:\/\/coeurdecrissier.ch\/privacy-policy\/#breadcrumb"},"inLanguage":"en-US","potentialAction":[{"@type":"ReadAction","target":["https:\/\/coeurdecrissier.ch\/privacy-policy\/"]}]},{"@type":"BreadcrumbList","@id":"https:\/\/coeurdecrissier.ch\/privacy-policy\/#breadcrumb","itemListElement":[{"@type":"ListItem","position":1,"name":"Home","item":"https:\/\/coeurdecrissier.ch\/"},{"@type":"ListItem","position":2,"name":"Politique de Confidentialit\u00e9"}]},{"@type":"WebSite","@id":"https:\/\/coeurdecrissier.ch\/#website","url":"https:\/\/coeurdecrissier.ch\/","name":"Coeur de Crissier","description":"Coeur de Crissier","publisher":{"@id":"https:\/\/coeurdecrissier.ch\/#organization"},"potentialAction":[{"@type":"SearchAction","target":{"@type":"EntryPoint","urlTemplate":"https:\/\/coeurdecrissier.ch\/?s={search_term_string}"},"query-input":{"@type":"PropertyValueSpecification","valueRequired":true,"valueName":"search_term_string"}}],"inLanguage":"en-US"},{"@type":"Organization","@id":"https:\/\/coeurdecrissier.ch\/#organization","name":"Coeur de Crissier","url":"https:\/\/coeurdecrissier.ch\/","logo":{"@type":"ImageObject","inLanguage":"en-US","@id":"https:\/\/coeurdecrissier.ch\/#\/schema\/logo\/image\/","url":"https:\/\/coeurdecrissier.ch\/wp-content\/uploads\/2025\/11\/coeur_de_crissier_gold_logo_web-scaled.png","contentUrl":"https:\/\/coeurdecrissier.ch\/wp-content\/uploads\/2025\/11\/coeur_de_crissier_gold_logo_web-scaled.png","width":2560,"height":1508,"caption":"Coeur de Crissier"},"image":{"@id":"https:\/\/coeurdecrissier.ch\/#\/schema\/logo\/image\/"}}]}},"_links":{"self":[{"href":"https:\/\/coeurdecrissier.ch\/en\/wp-json\/wp\/v2\/pages\/3","targetHints":{"allow":["GET"]}}],"collection":[{"href":"https:\/\/coeurdecrissier.ch\/en\/wp-json\/wp\/v2\/pages"}],"about":[{"href":"https:\/\/coeurdecrissier.ch\/en\/wp-json\/wp\/v2\/types\/page"}],"author":[{"embeddable":true,"href":"https:\/\/coeurdecrissier.ch\/en\/wp-json\/wp\/v2\/users\/1"}],"replies":[{"embeddable":true,"href":"https:\/\/coeurdecrissier.ch\/en\/wp-json\/wp\/v2\/comments?post=3"}],"version-history":[{"count":16,"href":"https:\/\/coeurdecrissier.ch\/en\/wp-json\/wp\/v2\/pages\/3\/revisions"}],"predecessor-version":[{"id":4930,"href":"https:\/\/coeurdecrissier.ch\/en\/wp-json\/wp\/v2\/pages\/3\/revisions\/4930"}],"wp:attachment":[{"href":"https:\/\/coeurdecrissier.ch\/en\/wp-json\/wp\/v2\/media?parent=3"}],"curies":[{"name":"wp","href":"https:\/\/api.w.org\/{rel}","templated":true}]}}